{"id":386,"date":"2026-02-02T13:00:28","date_gmt":"2026-02-02T13:00:28","guid":{"rendered":"https:\/\/eparktower.de\/?page_id=386"},"modified":"2026-04-02T06:17:32","modified_gmt":"2026-04-02T06:17:32","slug":"unternehmen-2","status":"publish","type":"page","link":"https:\/\/eparktower.com\/en\/unternehmen-2\/","title":{"rendered":"Company"},"content":{"rendered":"<div data-elementor-type=\"wp-page\" data-elementor-id=\"386\" class=\"elementor elementor-386\" data-elementor-post-type=\"page\">\n\t\t\t\t<div class=\"elementor-element elementor-element-0a44770 e-con-full e-flex e-con e-parent\" data-id=\"0a44770\" data-element_type=\"container\" data-e-type=\"container\">\n\t\t<div class=\"elementor-element elementor-element-55a52c8 e-con-full e-flex e-con e-child\" data-id=\"55a52c8\" data-element_type=\"container\" data-e-type=\"container\">\n\t\t<div class=\"elementor-element elementor-element-0913dd6 e-flex e-con-boxed e-con e-child\" data-id=\"0913dd6\" data-element_type=\"container\" data-e-type=\"container\" data-settings=\"{&quot;background_background&quot;:&quot;classic&quot;}\">\n\t\t\t\t\t<div class=\"e-con-inner\">\n\t\t\t\t<div class=\"elementor-element elementor-element-75b9082 animated-slow elementor-invisible elementor-widget elementor-widget-heading\" data-id=\"75b9082\" data-element_type=\"widget\" data-e-type=\"widget\" data-settings=\"{&quot;_animation&quot;:&quot;fadeInUp&quot;}\" data-widget_type=\"heading.default\">\n\t\t\t\t\t<h2 class=\"elementor-heading-title elementor-size-default\">Discover EParkTower.<br>\nInfrastructure as a system.<\/h2>\t\t\t\t<\/div>\n\t\t\t\t<div class=\"elementor-element elementor-element-cc8bc5a elementor-hidden-desktop elementor-hidden-tablet elementor-hidden-mobile elementor-view-default elementor-widget elementor-widget-icon\" data-id=\"cc8bc5a\" data-element_type=\"widget\" data-e-type=\"widget\" data-widget_type=\"icon.default\">\n\t\t\t\t\t\t\t<div class=\"elementor-icon-wrapper\">\n\t\t\t<a class=\"elementor-icon\" href=\"#quote\">\n\t\t\t<svg aria-hidden=\"true\" class=\"e-font-icon-svg e-fas-arrow-down\" viewbox=\"0 0 448 512\" xmlns=\"http:\/\/www.w3.org\/2000\/svg\"><path d=\"M413.1 222.5l22.2 22.2c9.4 9.4 9.4 24.6 0 33.9L241 473c-9.4 9.4-24.6 9.4-33.9 0L12.7 278.6c-9.4-9.4-9.4-24.6 0-33.9l22.2-22.2c9.5-9.5 25-9.3 34.3.4L184 343.4V56c0-13.3 10.7-24 24-24h32c13.3 0 24 10.7 24 24v287.4l114.8-120.5c9.3-9.8 24.8-10 34.3-.4z\"><\/path><\/svg>\t\t\t<\/a>\n\t\t<\/div>\n\t\t\t\t\t\t<\/div>\n\t\t\t\t\t<\/div>\n\t\t\t\t<\/div>\n\t\t\t\t<div class=\"elementor-element elementor-element-fd054a6 elementor-widget elementor-widget-menu-anchor\" data-id=\"fd054a6\" data-element_type=\"widget\" data-e-type=\"widget\" data-widget_type=\"menu-anchor.default\">\n\t\t\t\t\t\t\t<div class=\"elementor-menu-anchor\" id=\"quote\"><\/div>\n\t\t\t\t\t\t<\/div>\n\t\t\t\t<\/div>\n\t\t\t\t<\/div>\n\t\t<div class=\"elementor-element elementor-element-fd14480 e-flex e-con-boxed e-con e-parent\" data-id=\"fd14480\" data-element_type=\"container\" data-e-type=\"container\">\n\t\t\t\t\t<div class=\"e-con-inner\">\n\t\t<div class=\"elementor-element elementor-element-959108f e-con-full e-flex e-con e-child\" data-id=\"959108f\" data-element_type=\"container\" data-e-type=\"container\" data-settings=\"{&quot;background_background&quot;:&quot;classic&quot;}\">\n\t\t<div class=\"elementor-element elementor-element-9711f80 e-con-full e-flex e-con e-child\" data-id=\"9711f80\" data-element_type=\"container\" data-e-type=\"container\">\n\t\t\t\t<div class=\"elementor-element elementor-element-f80a952 elementor-invisible elementor-widget elementor-widget-text-editor\" data-id=\"f80a952\" data-element_type=\"widget\" data-e-type=\"widget\" data-settings=\"{&quot;_animation&quot;:&quot;fadeInUp&quot;}\" data-widget_type=\"text-editor.default\">\n\t\t\t\t\t\t\t\t\t<p>\"We founded EParkTower to rethink parking: not as static space, but as vertically organized, automated infrastructure.<\/p><p>Our systems combine space efficiency, electromobility, and institutional investment readiness in a scalable model.\"<\/p>\t\t\t\t\t\t\t\t<\/div>\n\t\t\t\t<div class=\"elementor-element elementor-element-2212a3c animated-slow elementor-invisible elementor-widget elementor-widget-heading\" data-id=\"2212a3c\" data-element_type=\"widget\" data-e-type=\"widget\" data-settings=\"{&quot;_animation&quot;:&quot;fadeInUp&quot;}\" data-widget_type=\"heading.default\">\n\t\t\t\t\t<h2 class=\"elementor-heading-title elementor-size-default\">Manuel Huch<\/h2>\t\t\t\t<\/div>\n\t\t\t\t<div class=\"elementor-element elementor-element-f9daaf2 elementor-invisible elementor-widget elementor-widget-heading\" data-id=\"f9daaf2\" data-element_type=\"widget\" data-e-type=\"widget\" data-settings=\"{&quot;_animation&quot;:&quot;fadeInUp&quot;}\" data-widget_type=\"heading.default\">\n\t\t\t\t\t<h3 class=\"elementor-heading-title elementor-size-default\">CEO | Co-Founder<\/h3>\t\t\t\t<\/div>\n\t\t\t\t<\/div>\n\t\t\t\t<\/div>\n\t\t\t\t\t<\/div>\n\t\t\t\t<\/div>\n\t\t<div class=\"elementor-element elementor-element-b3bc4d6 e-flex e-con-boxed e-con e-parent\" data-id=\"b3bc4d6\" data-element_type=\"container\" data-e-type=\"container\" data-settings=\"{&quot;background_background&quot;:&quot;classic&quot;}\">\n\t\t\t\t\t<div class=\"e-con-inner\">\n\t\t<div class=\"elementor-element elementor-element-83a4fcc e-con-full e-flex e-con e-child\" data-id=\"83a4fcc\" data-element_type=\"container\" data-e-type=\"container\" data-settings=\"{&quot;background_background&quot;:&quot;classic&quot;}\">\n\t\t\t\t<\/div>\n\t\t\t\t\t<\/div>\n\t\t\t\t<\/div>\n\t\t<div class=\"elementor-element elementor-element-1fe840b e-flex e-con-boxed e-con e-parent\" data-id=\"1fe840b\" data-element_type=\"container\" data-e-type=\"container\">\n\t\t\t\t\t<div class=\"e-con-inner\">\n\t\t\t\t<div class=\"elementor-element elementor-element-8a65832 animated-slow elementor-invisible elementor-widget elementor-widget-heading\" data-id=\"8a65832\" data-element_type=\"widget\" data-e-type=\"widget\" data-settings=\"{&quot;_animation&quot;:&quot;fadeInUp&quot;}\" data-widget_type=\"heading.default\">\n\t\t\t\t\t<h2 class=\"elementor-heading-title elementor-size-default\"><a href=\"https:\/\/eparktower.de\/produkt\/\">Strategy. Leadership. The future of parking.<\/a><\/h2>\t\t\t\t<\/div>\n\t\t<div class=\"elementor-element elementor-element-e26a066 e-con-full e-flex e-con e-child\" data-id=\"e26a066\" data-element_type=\"container\" data-e-type=\"container\" data-settings=\"{&quot;background_background&quot;:&quot;classic&quot;}\">\n\t\t<div class=\"elementor-element elementor-element-0c33d46 e-con-full e-flex e-con e-child\" data-id=\"0c33d46\" data-element_type=\"container\" data-e-type=\"container\">\n\t\t\t\t<div class=\"elementor-element elementor-element-4261cac elementor-invisible elementor-widget elementor-widget-text-editor\" data-id=\"4261cac\" data-element_type=\"widget\" data-e-type=\"widget\" data-settings=\"{&quot;_animation&quot;:&quot;fadeInUp&quot;}\" data-widget_type=\"text-editor.default\">\n\t\t\t\t\t\t\t\t\t<p>Standardized system architecture, international adaptability, scalable rollout structure, and integration into long-term operator and capital models \u2013 EParkTower thus lays the foundation for predictable, reproducible infrastructure projects.<\/p>\t\t\t\t\t\t\t\t<\/div>\n\t\t\t\t<\/div>\n\t\t<div class=\"elementor-element elementor-element-7e2f16c e-con-full e-flex e-con e-child\" data-id=\"7e2f16c\" data-element_type=\"container\" data-e-type=\"container\">\n\t\t\t\t<div class=\"elementor-element elementor-element-dab275c elementor-invisible elementor-widget elementor-widget-text-editor\" data-id=\"dab275c\" data-element_type=\"widget\" data-e-type=\"widget\" data-settings=\"{&quot;_animation&quot;:&quot;fadeInUp&quot;}\" data-widget_type=\"text-editor.default\">\n\t\t\t\t\t\t\t\t\t<p>Our goal is to establish vertical parking and charging infrastructure as an integral part of modern urban development worldwide. Parking is a fundamental need of urban mobility. We make this need efficient, automated, and future-ready.<\/p>\t\t\t\t\t\t\t\t<\/div>\n\t\t\t\t<\/div>\n\t\t\t\t<\/div>\n\t\t\t\t\t<\/div>\n\t\t\t\t<\/div>\n\t\t<div class=\"elementor-element elementor-element-cba8f25 elementor-hidden-desktop elementor-hidden-tablet elementor-hidden-mobile e-flex e-con-boxed e-con e-parent\" data-id=\"cba8f25\" data-element_type=\"container\" data-e-type=\"container\" data-settings=\"{&quot;background_background&quot;:&quot;classic&quot;}\">\n\t\t\t\t\t<div class=\"e-con-inner\">\n\t\t<div class=\"elementor-element elementor-element-7073697 e-flex e-con-boxed e-con e-child\" data-id=\"7073697\" data-element_type=\"container\" data-e-type=\"container\">\n\t\t\t\t\t<div class=\"e-con-inner\">\n\t\t<div class=\"elementor-element elementor-element-5b9788b e-flex e-con-boxed e-con e-child\" data-id=\"5b9788b\" data-element_type=\"container\" data-e-type=\"container\">\n\t\t\t\t\t<div class=\"e-con-inner\">\n\t\t\t\t<div class=\"elementor-element elementor-element-0cc6c32 elementor-invisible elementor-widget elementor-widget-text-editor\" data-id=\"0cc6c32\" data-element_type=\"widget\" data-e-type=\"widget\" data-settings=\"{&quot;_animation&quot;:&quot;fadeInUp&quot;}\" data-widget_type=\"text-editor.default\">\n\t\t\t\t\t\t\t\t\t<p>Standardisierte Systemarchitektur | Internationale Adaptierbarkeit<br \/>Skalierbare Rollout-Struktur | Integration in langfristige Betreiber- und Kapitalmodelle<\/p><p>Damit schafft EParkTower die Grundlage f\u00fcr planbare, reproduzierbare Infrastrukturprojekte. Unser Ziel ist es, vertikale Park- und Ladeinfrastruktur als festen Bestandteil moderner Stadtentwicklung weltweit zu etablieren. Parken ist Grundbedarf urbaner Mobilit\u00e4t. Wir machen diesen Bedarf effizient, automatisiert und zukunftsf\u00e4hig.<\/p>\t\t\t\t\t\t\t\t<\/div>\n\t\t\t\t<div class=\"elementor-element elementor-element-218e765 elementor-align-left elementor-widget elementor-widget-button\" data-id=\"218e765\" data-element_type=\"widget\" data-e-type=\"widget\" data-widget_type=\"button.default\">\n\t\t\t\t\t\t\t\t\t\t<a class=\"elementor-button elementor-button-link elementor-size-sm\" href=\"https:\/\/eparktower.de\/produkt\/\">\n\t\t\t\t\t\t<span class=\"elementor-button-content-wrapper\">\n\t\t\t\t\t\t\t\t\t<span class=\"elementor-button-text\">Produkt ansehen<\/span>\n\t\t\t\t\t<\/span>\n\t\t\t\t\t<\/a>\n\t\t\t\t\t\t\t\t<\/div>\n\t\t\t\t\t<\/div>\n\t\t\t\t<\/div>\n\t\t\t\t\t<\/div>\n\t\t\t\t<\/div>\n\t\t\t\t\t<\/div>\n\t\t\t\t<\/div>\n\t\t<div class=\"elementor-element elementor-element-ccbd495 e-flex e-con-boxed e-con e-parent\" data-id=\"ccbd495\" data-element_type=\"container\" data-e-type=\"container\" data-settings=\"{&quot;background_background&quot;:&quot;classic&quot;}\">\n\t\t\t\t\t<div class=\"e-con-inner\">\n\t\t<div class=\"elementor-element elementor-element-1a3ef20 e-con-full e-flex e-con e-child\" data-id=\"1a3ef20\" data-element_type=\"container\" data-e-type=\"container\">\n\t\t\t\t<div class=\"elementor-element elementor-element-32f4770 animated-slow elementor-invisible elementor-widget elementor-widget-heading\" data-id=\"32f4770\" data-element_type=\"widget\" data-e-type=\"widget\" data-settings=\"{&quot;_animation&quot;:&quot;fadeInUp&quot;}\" data-widget_type=\"heading.default\">\n\t\t\t\t\t<h2 class=\"elementor-heading-title elementor-size-default\">Innovation milestones:<br>\nOur Story \u2013 Your Progress<\/h2>\t\t\t\t<\/div>\n\t\t\t\t<\/div>\n\t\t\t\t<div class=\"elementor-element elementor-element-e5aaecc elementor-hidden-mobile elementor-widget-divider--view-line elementor-invisible elementor-widget elementor-widget-divider\" data-id=\"e5aaecc\" data-element_type=\"widget\" data-e-type=\"widget\" data-settings=\"{&quot;_animation&quot;:&quot;fadeInUp&quot;}\" data-widget_type=\"divider.default\">\n\t\t\t\t\t\t\t<div class=\"elementor-divider\">\n\t\t\t<span class=\"elementor-divider-separator\">\n\t\t\t\t\t\t<\/span>\n\t\t<\/div>\n\t\t\t\t\t\t<\/div>\n\t\t<div class=\"elementor-element elementor-element-84e3332 e-con-full e-flex elementor-invisible e-con e-child\" data-id=\"84e3332\" data-element_type=\"container\" data-e-type=\"container\" data-settings=\"{&quot;animation&quot;:&quot;fadeInUp&quot;}\">\n\t\t<div class=\"elementor-element elementor-element-f106e9a e-con-full e-flex e-con e-child\" data-id=\"f106e9a\" data-element_type=\"container\" data-e-type=\"container\" data-settings=\"{&quot;background_background&quot;:&quot;classic&quot;}\">\n\t\t\t\t<div class=\"elementor-element elementor-element-e315de1 2021 elementor-widget elementor-widget-text-editor\" data-id=\"e315de1\" data-element_type=\"widget\" data-e-type=\"widget\" data-widget_type=\"text-editor.default\">\n\t\t\t\t\t\t\t\t\t<p><strong>2021<\/strong><\/p><p>Company founding &amp; vision<\/p>\t\t\t\t\t\t\t\t<\/div>\n\t\t\t\t<\/div>\n\t\t<div class=\"elementor-element elementor-element-948e32a e-con-full e-flex e-con e-child\" data-id=\"948e32a\" data-element_type=\"container\" data-e-type=\"container\" data-settings=\"{&quot;background_background&quot;:&quot;classic&quot;}\">\n\t\t\t\t<div class=\"elementor-element elementor-element-86c556e 2021 elementor-widget elementor-widget-text-editor\" data-id=\"86c556e\" data-element_type=\"widget\" data-e-type=\"widget\" data-widget_type=\"text-editor.default\">\n\t\t\t\t\t\t\t\t\t<p><strong>2022<\/strong><\/p><p>Construction &amp; Installation of the Prototype<\/p>\t\t\t\t\t\t\t\t<\/div>\n\t\t\t\t<\/div>\n\t\t<div class=\"elementor-element elementor-element-9b13353 e-con-full e-flex e-con e-child\" data-id=\"9b13353\" data-element_type=\"container\" data-e-type=\"container\" data-settings=\"{&quot;background_background&quot;:&quot;classic&quot;}\">\n\t\t\t\t<div class=\"elementor-element elementor-element-596dbb2 2021 elementor-widget elementor-widget-text-editor\" data-id=\"596dbb2\" data-element_type=\"widget\" data-e-type=\"widget\" data-widget_type=\"text-editor.default\">\n\t\t\t\t\t\t\t\t\t<p><strong>2023<\/strong><\/p><p>Testing Phase &amp; Technical Approvals<\/p>\t\t\t\t\t\t\t\t<\/div>\n\t\t\t\t<\/div>\n\t\t<div class=\"elementor-element elementor-element-a0cc8db e-con-full e-flex e-con e-child\" data-id=\"a0cc8db\" data-element_type=\"container\" data-e-type=\"container\" data-settings=\"{&quot;background_background&quot;:&quot;classic&quot;}\">\n\t\t\t\t<div class=\"elementor-element elementor-element-e2b0ac0 2021 elementor-widget elementor-widget-text-editor\" data-id=\"e2b0ac0\" data-element_type=\"widget\" data-e-type=\"widget\" data-widget_type=\"text-editor.default\">\n\t\t\t\t\t\t\t\t\t<p><strong>2024<\/strong><\/p><p>Structuring for scalability<\/p>\t\t\t\t\t\t\t\t<\/div>\n\t\t\t\t<\/div>\n\t\t<div class=\"elementor-element elementor-element-49a7f1a e-con-full e-flex e-con e-child\" data-id=\"49a7f1a\" data-element_type=\"container\" data-e-type=\"container\" data-settings=\"{&quot;background_background&quot;:&quot;classic&quot;}\">\n\t\t\t\t<div class=\"elementor-element elementor-element-a5edeb2 2021 elementor-widget elementor-widget-text-editor\" data-id=\"a5edeb2\" data-element_type=\"widget\" data-e-type=\"widget\" data-widget_type=\"text-editor.default\">\n\t\t\t\t\t\t\t\t\t<p><strong>2025<\/strong><\/p><p>Capital structure &amp; investor integration<\/p>\t\t\t\t\t\t\t\t<\/div>\n\t\t\t\t<\/div>\n\t\t<div class=\"elementor-element elementor-element-4bbc4e1 e-con-full e-flex e-con e-child\" data-id=\"4bbc4e1\" data-element_type=\"container\" data-e-type=\"container\" data-settings=\"{&quot;background_background&quot;:&quot;classic&quot;}\">\n\t\t\t\t<div class=\"elementor-element elementor-element-d65deb6 2021 elementor-widget elementor-widget-text-editor\" data-id=\"d65deb6\" data-element_type=\"widget\" data-e-type=\"widget\" data-widget_type=\"text-editor.default\">\n\t\t\t\t\t\t\t\t\t<p><strong>2026<\/strong><\/p><p>Transition from prototype to scalable product<\/p>\t\t\t\t\t\t\t\t<\/div>\n\t\t\t\t<\/div>\n\t\t\t\t<\/div>\n\t\t\t\t\t<\/div>\n\t\t\t\t<\/div>\n\t\t<div class=\"elementor-element elementor-element-cdb8353 e-flex e-con-boxed e-con e-parent\" data-id=\"cdb8353\" data-element_type=\"container\" data-e-type=\"container\" data-settings=\"{&quot;background_background&quot;:&quot;classic&quot;}\">\n\t\t\t\t\t<div class=\"e-con-inner\">\n\t\t<div class=\"elementor-element elementor-element-07b57ff e-con-full e-flex e-con e-child\" data-id=\"07b57ff\" data-element_type=\"container\" data-e-type=\"container\" data-settings=\"{&quot;background_background&quot;:&quot;classic&quot;}\">\n\t\t\t\t<div class=\"elementor-element elementor-element-9d65fac animated-slow elementor-invisible elementor-widget elementor-widget-heading\" data-id=\"9d65fac\" data-element_type=\"widget\" data-e-type=\"widget\" data-settings=\"{&quot;_animation&quot;:&quot;fadeInUp&quot;}\" data-widget_type=\"heading.default\">\n\t\t\t\t\t<h2 class=\"elementor-heading-title elementor-size-default\"><a href=\"https:\/\/eparktower.de\/produkt\/\">Discover our<br>different models<\/a><\/h2>\t\t\t\t<\/div>\n\t\t\t\t<div class=\"elementor-element elementor-element-98ac7fe elementor-view-default elementor-invisible elementor-widget elementor-widget-icon\" data-id=\"98ac7fe\" data-element_type=\"widget\" data-e-type=\"widget\" data-settings=\"{&quot;_animation&quot;:&quot;fadeInLeft&quot;}\" data-widget_type=\"icon.default\">\n\t\t\t\t\t\t\t<div class=\"elementor-icon-wrapper\">\n\t\t\t<a class=\"elementor-icon\" href=\"https:\/\/eparktower.de\/produkt\/\">\n\t\t\t<svg xmlns=\"http:\/\/www.w3.org\/2000\/svg\" id=\"Ebene_1\" viewbox=\"0 0 71.47 58.17\"><line x1=\"5.75\" y1=\"28.89\" x2=\"65.72\" y2=\"28.89\" style=\"fill:none; stroke:#fff; stroke-linecap:round; stroke-miterlimit:10; stroke-width:5px;\"><\/line><line x1=\"39.36\" y1=\"6.31\" x2=\"65.72\" y2=\"28.89\" style=\"fill:none; stroke:#fff; stroke-linecap:round; stroke-miterlimit:10; stroke-width:5px;\"><\/line><line x1=\"39.36\" y1=\"51.86\" x2=\"65.72\" y2=\"28.89\" style=\"fill:none; stroke:#fff; stroke-linecap:round; stroke-miterlimit:10; stroke-width:5px;\"><\/line><\/svg>\t\t\t<\/a>\n\t\t<\/div>\n\t\t\t\t\t\t<\/div>\n\t\t\t\t<\/div>\n\t\t\t\t\t<\/div>\n\t\t\t\t<\/div>\n\t\t\t\t<\/div>","protected":false},"excerpt":{"rendered":"<p>Entdecken Sie EParkTower. Infrastruktur als System. &#8222;Wir haben EParkTower gegr\u00fcndet, um Parkraum neu zu denken: nicht als statische Fl\u00e4che, sondern als vertikal organisierte, automatisierte Infrastruktur. Unsere Systeme verbinden Fl\u00e4cheneffizienz, Elektromobilit\u00e4t und institutionelle Investitionsf\u00e4higkeit in einem skalierbaren Modell.&#8220; Manuel Huch CEO | Co-Founder Strategie. F\u00fchrung. Zukunft des Parkens. Standardisierte Systemarchitektur, internationale Adaptierbarkeit, skalierbare Rollout-Struktur und Integration [&hellip;]<\/p>\n","protected":false},"author":1,"featured_media":0,"parent":0,"menu_order":0,"comment_status":"closed","ping_status":"closed","template":"","meta":{"footnotes":""},"class_list":["post-386","page","type-page","status-publish","hentry"],"_links":{"self":[{"href":"https:\/\/eparktower.com\/en\/wp-json\/wp\/v2\/pages\/386","targetHints":{"allow":["GET"]}}],"collection":[{"href":"https:\/\/eparktower.com\/en\/wp-json\/wp\/v2\/pages"}],"about":[{"href":"https:\/\/eparktower.com\/en\/wp-json\/wp\/v2\/types\/page"}],"author":[{"embeddable":true,"href":"https:\/\/eparktower.com\/en\/wp-json\/wp\/v2\/users\/1"}],"replies":[{"embeddable":true,"href":"https:\/\/eparktower.com\/en\/wp-json\/wp\/v2\/comments?post=386"}],"version-history":[{"count":361,"href":"https:\/\/eparktower.com\/en\/wp-json\/wp\/v2\/pages\/386\/revisions"}],"predecessor-version":[{"id":3597,"href":"https:\/\/eparktower.com\/en\/wp-json\/wp\/v2\/pages\/386\/revisions\/3597"}],"wp:attachment":[{"href":"https:\/\/eparktower.com\/en\/wp-json\/wp\/v2\/media?parent=386"}],"curies":[{"name":"wp","href":"https:\/\/api.w.org\/{rel}","templated":true}]}}