{"id":521,"date":"2026-02-06T11:24:14","date_gmt":"2026-02-06T11:24:14","guid":{"rendered":"https:\/\/eparktower.de\/?page_id=521"},"modified":"2026-04-02T06:07:55","modified_gmt":"2026-04-02T06:07:55","slug":"news","status":"publish","type":"page","link":"https:\/\/eparktower.com\/en\/news\/","title":{"rendered":"News"},"content":{"rendered":"<div data-elementor-type=\"wp-page\" data-elementor-id=\"521\" class=\"elementor elementor-521\" data-elementor-post-type=\"page\">\n\t\t\t\t<div class=\"elementor-element elementor-element-3d5f38a e-flex e-con-boxed e-con e-parent\" data-id=\"3d5f38a\" data-element_type=\"container\" data-e-type=\"container\">\n\t\t\t\t\t<div class=\"e-con-inner\">\n\t\t<div class=\"elementor-element elementor-element-4e68cc5 e-con-full e-flex e-con e-child\" data-id=\"4e68cc5\" data-element_type=\"container\" data-e-type=\"container\" data-settings=\"{&quot;background_background&quot;:&quot;classic&quot;}\">\n\t\t<div class=\"elementor-element elementor-element-42275a9 e-con-full e-flex e-con e-child\" data-id=\"42275a9\" data-element_type=\"container\" data-e-type=\"container\" data-settings=\"{&quot;background_background&quot;:&quot;classic&quot;}\">\n\t\t<div class=\"elementor-element elementor-element-5d90f22 e-con-full e-flex e-con e-child\" data-id=\"5d90f22\" data-element_type=\"container\" data-e-type=\"container\" data-settings=\"{&quot;background_background&quot;:&quot;classic&quot;}\">\n\t\t<div class=\"elementor-element elementor-element-50d2a3e e-con-full e-flex e-con e-child\" data-id=\"50d2a3e\" data-element_type=\"container\" data-e-type=\"container\" data-settings=\"{&quot;background_background&quot;:&quot;classic&quot;}\">\n\t\t\t\t<div class=\"elementor-element elementor-element-2175aec animated-slow elementor-invisible elementor-widget elementor-widget-heading\" data-id=\"2175aec\" data-element_type=\"widget\" data-e-type=\"widget\" data-settings=\"{&quot;_animation&quot;:&quot;fadeInUp&quot;}\" data-widget_type=\"heading.default\">\n\t\t\t\t\t<h2 class=\"elementor-heading-title elementor-size-default\">E-Parktower closes multi-million deal<\/h2>\t\t\t\t<\/div>\n\t\t\t\t<div class=\"elementor-element elementor-element-29dc2a0 elementor-invisible elementor-widget elementor-widget-text-editor\" data-id=\"29dc2a0\" data-element_type=\"widget\" data-e-type=\"widget\" data-settings=\"{&quot;_animation&quot;:&quot;fadeInUp&quot;}\" data-widget_type=\"text-editor.default\">\n\t\t\t\t\t\t\t\t\t<p>Path cleared for first major projects.<br \/>Not only in metropolises, but also in Haltern, future innovations are taking shape. E-Parktower GmbH has now closed a multi-million deal.<\/p>\t\t\t\t\t\t\t\t<\/div>\n\t\t\t\t<div class=\"elementor-element elementor-element-3816b41 elementor-widget elementor-widget-text-editor\" data-id=\"3816b41\" data-element_type=\"widget\" data-e-type=\"widget\" data-widget_type=\"text-editor.default\">\n\t\t\t\t\t\t\t\t\t<p><a href=\"https:\/\/www.halternerzeitung.de\/haltern\/wirtschaft-haltern-am-see-e-parktower-w1111593-3001874388\/\">Read the article &gt;&gt;<\/a><\/p>\t\t\t\t\t\t\t\t<\/div>\n\t\t\t\t<\/div>\n\t\t<div class=\"elementor-element elementor-element-f564ebb e-con-full e-flex e-con e-child\" data-id=\"f564ebb\" data-element_type=\"container\" data-e-type=\"container\" data-settings=\"{&quot;background_background&quot;:&quot;classic&quot;}\">\n\t\t\t\t<\/div>\n\t\t\t\t<\/div>\n\t\t\t\t<\/div>\n\t\t<div class=\"elementor-element elementor-element-8d8c03a e-con-full e-flex e-con e-child\" data-id=\"8d8c03a\" data-element_type=\"container\" data-e-type=\"container\" data-settings=\"{&quot;background_background&quot;:&quot;classic&quot;}\">\n\t\t<div class=\"elementor-element elementor-element-751cf93 e-con-full e-flex e-con e-child\" data-id=\"751cf93\" data-element_type=\"container\" data-e-type=\"container\" data-settings=\"{&quot;background_background&quot;:&quot;classic&quot;}\">\n\t\t\t\t<\/div>\n\t\t<div class=\"elementor-element elementor-element-182941f e-con-full e-flex e-con e-child\" data-id=\"182941f\" data-element_type=\"container\" data-e-type=\"container\" data-settings=\"{&quot;background_background&quot;:&quot;classic&quot;}\">\n\t\t\t\t<div class=\"elementor-element elementor-element-119cab4 animated-slow elementor-invisible elementor-widget elementor-widget-heading\" data-id=\"119cab4\" data-element_type=\"widget\" data-e-type=\"widget\" data-settings=\"{&quot;_animation&quot;:&quot;fadeInUp&quot;}\" data-widget_type=\"heading.default\">\n\t\t\t\t\t<h2 class=\"elementor-heading-title elementor-size-default\">electricar Innovation<\/h2>\t\t\t\t<\/div>\n\t\t\t\t<div class=\"elementor-element elementor-element-b8d8457 elementor-invisible elementor-widget elementor-widget-text-editor\" data-id=\"b8d8457\" data-element_type=\"widget\" data-e-type=\"widget\" data-settings=\"{&quot;_animation&quot;:&quot;fadeInUp&quot;}\" data-widget_type=\"text-editor.default\">\n\t\t\t\t\t\t\t\t\t<p>Optionally, the EParkTower can be equipped with EV charging at every parking space, fa\u00e7ade greening, a video surveillance system with license plate recognition, a 5G antenna, and e-bike charging stations.<\/p>\t\t\t\t\t\t\t\t<\/div>\n\t\t\t\t<div class=\"elementor-element elementor-element-93e68b5 elementor-widget elementor-widget-text-editor\" data-id=\"93e68b5\" data-element_type=\"widget\" data-e-type=\"widget\" data-widget_type=\"text-editor.default\">\n\t\t\t\t\t\t\t\t\t<p><a href=\"https:\/\/www.electricar-magazin.de\/post\/top-innovation-e-parktower-von-e-parktower-gmbh\">Read the article &gt;&gt;<\/a><\/p>\t\t\t\t\t\t\t\t<\/div>\n\t\t\t\t<\/div>\n\t\t\t\t<\/div>\n\t\t<div class=\"elementor-element elementor-element-5b3db40 e-con-full e-flex e-con e-child\" data-id=\"5b3db40\" data-element_type=\"container\" data-e-type=\"container\" data-settings=\"{&quot;background_background&quot;:&quot;classic&quot;}\">\n\t\t<div class=\"elementor-element elementor-element-b159963 e-con-full e-flex e-con e-child\" data-id=\"b159963\" data-element_type=\"container\" data-e-type=\"container\" data-settings=\"{&quot;background_background&quot;:&quot;classic&quot;}\">\n\t\t\t\t<div class=\"elementor-element elementor-element-a1dbd7b animated-slow elementor-invisible elementor-widget elementor-widget-heading\" data-id=\"a1dbd7b\" data-element_type=\"widget\" data-e-type=\"widget\" data-settings=\"{&quot;_animation&quot;:&quot;fadeInUp&quot;}\" data-widget_type=\"heading.default\">\n\t\t\t\t\t<h2 class=\"elementor-heading-title elementor-size-default\">Germany rollout begins<\/h2>\t\t\t\t<\/div>\n\t\t\t\t<div class=\"elementor-element elementor-element-78a5e18 elementor-invisible elementor-widget elementor-widget-text-editor\" data-id=\"78a5e18\" data-element_type=\"widget\" data-e-type=\"widget\" data-settings=\"{&quot;_animation&quot;:&quot;fadeInUp&quot;}\" data-widget_type=\"text-editor.default\">\n\t\t\t\t\t\t\t\t\t<p>Manuel Huch, CEO of EParkTower, spoke about the current strategic considerations, and Josef Hovenj\u00fcrgen, Parliamentary State Secretary at the Ministry for Homeland, Municipal Affairs, Building and Digitalization of the State of North Rhine-Westphalia, praised in his speech the people behind the idea\u2026<\/p>\t\t\t\t\t\t\t\t<\/div>\n\t\t\t\t<div class=\"elementor-element elementor-element-8134af5 elementor-widget elementor-widget-text-editor\" data-id=\"8134af5\" data-element_type=\"widget\" data-e-type=\"widget\" data-widget_type=\"text-editor.default\">\n\t\t\t\t\t\t\t\t\t<p><a href=\"https:\/\/de.linkedin.com\/posts\/jochen-prinz-nachhaltigkeitsexperte_dgnb-eparktower-herzblut-activity-7232266900821454848-4bZQ\">Read the article &gt;&gt;<\/a><\/p>\t\t\t\t\t\t\t\t<\/div>\n\t\t\t\t<\/div>\n\t\t<div class=\"elementor-element elementor-element-8157eb1 e-con-full e-flex e-con e-child\" data-id=\"8157eb1\" data-element_type=\"container\" data-e-type=\"container\" data-settings=\"{&quot;background_background&quot;:&quot;classic&quot;}\">\n\t\t\t\t<\/div>\n\t\t\t\t<\/div>\n\t\t<div class=\"elementor-element elementor-element-d7a6ae0 e-con-full e-flex e-con e-child\" data-id=\"d7a6ae0\" data-element_type=\"container\" data-e-type=\"container\" data-settings=\"{&quot;background_background&quot;:&quot;classic&quot;}\">\n\t\t<div class=\"elementor-element elementor-element-a9981bf e-con-full e-flex e-con e-child\" data-id=\"a9981bf\" data-element_type=\"container\" data-e-type=\"container\" data-settings=\"{&quot;background_background&quot;:&quot;classic&quot;}\">\n\t\t\t\t<\/div>\n\t\t<div class=\"elementor-element elementor-element-d6a9949 e-con-full e-flex e-con e-child\" data-id=\"d6a9949\" data-element_type=\"container\" data-e-type=\"container\" data-settings=\"{&quot;background_background&quot;:&quot;classic&quot;}\">\n\t\t\t\t<div class=\"elementor-element elementor-element-24bcbf2 animated-slow elementor-invisible elementor-widget elementor-widget-heading\" data-id=\"24bcbf2\" data-element_type=\"widget\" data-e-type=\"widget\" data-settings=\"{&quot;_animation&quot;:&quot;fadeInUp&quot;}\" data-widget_type=\"heading.default\">\n\t\t\t\t\t<h2 class=\"elementor-heading-title elementor-size-default\">EParkTower Opening<\/h2>\t\t\t\t<\/div>\n\t\t\t\t<div class=\"elementor-element elementor-element-dbcead7 elementor-invisible elementor-widget elementor-widget-text-editor\" data-id=\"dbcead7\" data-element_type=\"widget\" data-e-type=\"widget\" data-settings=\"{&quot;_animation&quot;:&quot;fadeInUp&quot;}\" data-widget_type=\"text-editor.default\">\n\t\t\t\t\t\t\t\t\t<p>In cities, building space is scarce. So why build parking lots instead of parks? The young company \u201cE-Parktower GmbH\u201d had exactly this thought and developed the eponymous idea: parking vertically instead of side by side.<\/p>\t\t\t\t\t\t\t\t<\/div>\n\t\t\t\t<div class=\"elementor-element elementor-element-dd821c5 elementor-widget elementor-widget-text-editor\" data-id=\"dd821c5\" data-element_type=\"widget\" data-e-type=\"widget\" data-widget_type=\"text-editor.default\">\n\t\t\t\t\t\t\t\t\t<p><a href=\"https:\/\/www.computerbild.de\/artikel\/cb-News-Connected-Car-E-Park-Tower-Die-neue-Art-zu-Parken-32938015.html\">Read the article &gt;&gt;<\/a><\/p>\t\t\t\t\t\t\t\t<\/div>\n\t\t\t\t<\/div>\n\t\t\t\t<\/div>\n\t\t\t\t<\/div>\n\t\t\t\t\t<\/div>\n\t\t\t\t<\/div>\n\t\t<div class=\"elementor-element elementor-element-56c18a9 e-flex e-con-boxed e-con e-parent\" data-id=\"56c18a9\" data-element_type=\"container\" data-e-type=\"container\">\n\t\t\t\t\t<div class=\"e-con-inner\">\n\t\t\t\t<div class=\"elementor-element elementor-element-89d71b3 animated-slow elementor-invisible elementor-widget elementor-widget-heading\" data-id=\"89d71b3\" data-element_type=\"widget\" data-e-type=\"widget\" data-settings=\"{&quot;_animation&quot;:&quot;fadeInUp&quot;}\" data-widget_type=\"heading.default\">\n\t\t\t\t\t<h2 class=\"elementor-heading-title elementor-size-default\">Do you have any questions?<\/h2>\t\t\t\t<\/div>\n\t\t\t\t<div class=\"elementor-element elementor-element-8dda53b elementor-invisible elementor-widget elementor-widget-heading\" data-id=\"8dda53b\" data-element_type=\"widget\" data-e-type=\"widget\" data-settings=\"{&quot;_animation&quot;:&quot;fadeInUp&quot;}\" data-widget_type=\"heading.default\">\n\t\t\t\t\t<h3 class=\"elementor-heading-title elementor-size-default\">We are happy to assist you.<\/h3>\t\t\t\t<\/div>\n\t\t\t\t<div class=\"elementor-element elementor-element-be4df62 elementor-align-center elementor-widget-mobile__width-inherit elementor-widget elementor-widget-button\" data-id=\"be4df62\" data-element_type=\"widget\" data-e-type=\"widget\" data-widget_type=\"button.default\">\n\t\t\t\t\t\t\t\t\t\t<a class=\"elementor-button elementor-button-link elementor-size-sm\" href=\"https:\/\/eparktower.de\/kontakt\/\">\n\t\t\t\t\t\t<span class=\"elementor-button-content-wrapper\">\n\t\t\t\t\t\t\t\t\t<span class=\"elementor-button-text\">Get in touch<\/span>\n\t\t\t\t\t<\/span>\n\t\t\t\t\t<\/a>\n\t\t\t\t\t\t\t\t<\/div>\n\t\t\t\t\t<\/div>\n\t\t\t\t<\/div>\n\t\t\t\t<\/div>","protected":false},"excerpt":{"rendered":"<p>E-Parktower schlie\u00dft Millionendeal ab Weg frei f\u00fcr erste Gro\u00dfprojekte.Nicht nur in Metropolen, auch in Haltern entstehen Zukunfts-Inovationen. Die E-Parktower GmbH hat jetzt einen Millionendeal abgeschlossen. Artikel lesen &gt;&gt; electricar Innovation Optional kann man den EParkTower auch um eine E-Auto-Ladefunktion auf jedem Stellplatz, einer Fassadenbegr\u00fcnung, einem Video\u00fcberwachungssystem mit Kennzeichenerkennung, einer 5G-Antenne und E-Bike-Ladestationen erweitern. Artikel lesen [&hellip;]<\/p>\n","protected":false},"author":1,"featured_media":0,"parent":0,"menu_order":0,"comment_status":"closed","ping_status":"closed","template":"","meta":{"footnotes":""},"class_list":["post-521","page","type-page","status-publish","hentry"],"_links":{"self":[{"href":"https:\/\/eparktower.com\/en\/wp-json\/wp\/v2\/pages\/521","targetHints":{"allow":["GET"]}}],"collection":[{"href":"https:\/\/eparktower.com\/en\/wp-json\/wp\/v2\/pages"}],"about":[{"href":"https:\/\/eparktower.com\/en\/wp-json\/wp\/v2\/types\/page"}],"author":[{"embeddable":true,"href":"https:\/\/eparktower.com\/en\/wp-json\/wp\/v2\/users\/1"}],"replies":[{"embeddable":true,"href":"https:\/\/eparktower.com\/en\/wp-json\/wp\/v2\/comments?post=521"}],"version-history":[{"count":217,"href":"https:\/\/eparktower.com\/en\/wp-json\/wp\/v2\/pages\/521\/revisions"}],"predecessor-version":[{"id":3585,"href":"https:\/\/eparktower.com\/en\/wp-json\/wp\/v2\/pages\/521\/revisions\/3585"}],"wp:attachment":[{"href":"https:\/\/eparktower.com\/en\/wp-json\/wp\/v2\/media?parent=521"}],"curies":[{"name":"wp","href":"https:\/\/api.w.org\/{rel}","templated":true}]}}