{"id":583,"date":"2026-02-06T12:02:50","date_gmt":"2026-02-06T12:02:50","guid":{"rendered":"https:\/\/eparktower.de\/?page_id=583"},"modified":"2026-04-01T20:38:16","modified_gmt":"2026-04-01T20:38:16","slug":"nachhaltigkeit","status":"publish","type":"page","link":"https:\/\/eparktower.com\/en\/nachhaltigkeit\/","title":{"rendered":"Sustainability"},"content":{"rendered":"<div data-elementor-type=\"wp-page\" data-elementor-id=\"583\" class=\"elementor elementor-583\" data-elementor-post-type=\"page\">\n\t\t\t\t<div class=\"elementor-element elementor-element-1c10b93 e-con-full e-flex e-con e-parent\" data-id=\"1c10b93\" data-element_type=\"container\" data-e-type=\"container\">\n\t\t<div class=\"elementor-element elementor-element-e84a685 e-con-full e-flex e-con e-child\" data-id=\"e84a685\" data-element_type=\"container\" data-e-type=\"container\" data-settings=\"{&quot;background_background&quot;:&quot;classic&quot;}\">\n\t\t<div class=\"elementor-element elementor-element-e66a95e e-con-full e-flex elementor-invisible e-con e-child\" data-id=\"e66a95e\" data-element_type=\"container\" data-e-type=\"container\" data-settings=\"{&quot;animation&quot;:&quot;fadeInUp&quot;}\">\n\t\t\t\t<div class=\"elementor-element elementor-element-3c358bc animated-slow elementor-invisible elementor-widget elementor-widget-heading\" data-id=\"3c358bc\" data-element_type=\"widget\" data-e-type=\"widget\" data-settings=\"{&quot;_animation&quot;:&quot;fadeInUp&quot;}\" data-widget_type=\"heading.default\">\n\t\t\t\t\t<h2 class=\"elementor-heading-title elementor-size-default\">We are committed to a single goal:<br>\nShaping the world sustainably.<\/h2>\t\t\t\t<\/div>\n\t\t\t\t<\/div>\n\t\t\t\t<\/div>\n\t\t\t\t<div class=\"elementor-element elementor-element-305d85b elementor-widget elementor-widget-menu-anchor\" data-id=\"305d85b\" data-element_type=\"widget\" data-e-type=\"widget\" data-widget_type=\"menu-anchor.default\">\n\t\t\t\t\t\t\t<div class=\"elementor-menu-anchor\" id=\"Nachhaltigkeit\"><\/div>\n\t\t\t\t\t\t<\/div>\n\t\t\t\t<\/div>\n\t\t<div class=\"elementor-element elementor-element-88d221c e-flex e-con-boxed e-con e-parent\" data-id=\"88d221c\" data-element_type=\"container\" data-e-type=\"container\" data-settings=\"{&quot;background_background&quot;:&quot;classic&quot;}\">\n\t\t\t\t\t<div class=\"e-con-inner\">\n\t\t<div class=\"elementor-element elementor-element-1e1fae3 e-con-full e-flex e-con e-child\" data-id=\"1e1fae3\" data-element_type=\"container\" data-e-type=\"container\">\n\t\t\t\t<div class=\"elementor-element elementor-element-d43e382 animated-slow elementor-invisible elementor-widget elementor-widget-heading\" data-id=\"d43e382\" data-element_type=\"widget\" data-e-type=\"widget\" data-settings=\"{&quot;_animation&quot;:&quot;fadeInUp&quot;}\" data-widget_type=\"heading.default\">\n\t\t\t\t\t<h2 class=\"elementor-heading-title elementor-size-default\">Sustainability as a system<\/h2>\t\t\t\t<\/div>\n\t\t\t\t<\/div>\n\t\t<div class=\"elementor-element elementor-element-22ee904 e-con-full e-flex e-con e-child\" data-id=\"22ee904\" data-element_type=\"container\" data-e-type=\"container\">\n\t\t\t\t<div class=\"elementor-element elementor-element-972f944 elementor-invisible elementor-widget elementor-widget-text-editor\" data-id=\"972f944\" data-element_type=\"widget\" data-e-type=\"widget\" data-settings=\"{&quot;_animation&quot;:&quot;fadeInUp&quot;}\" data-widget_type=\"text-editor.default\">\n\t\t\t\t\t\t\t\t\t<p data-start=\"150\" data-end=\"330\">The EParkTower transforms urban spaces into intelligent mobility infrastructure.<br data-start=\"232\" data-end=\"235\" \/>By using vertical space, more capacity is created on significantly less ground area.<\/p><p data-start=\"332\" data-end=\"469\">Integrated charging infrastructure and sustainable energy concepts make the ParkTower a key component of modern urban development.<\/p><p data-start=\"471\" data-end=\"502\">Less space. More capacity.<\/p>\t\t\t\t\t\t\t\t<\/div>\n\t\t\t\t<\/div>\n\t\t<div class=\"elementor-element elementor-element-6b13ebe e-con-full e-flex e-con e-child\" data-id=\"6b13ebe\" data-element_type=\"container\" data-e-type=\"container\">\n\t\t\t\t<div class=\"elementor-element elementor-element-f0265ee elementor-invisible elementor-widget elementor-widget-text-editor\" data-id=\"f0265ee\" data-element_type=\"widget\" data-e-type=\"widget\" data-settings=\"{&quot;_animation&quot;:&quot;fadeInUp&quot;}\" data-widget_type=\"text-editor.default\">\n\t\t\t\t\t\t\t\t\t<p data-start=\"523\" data-end=\"648\">Vertical densification provides an efficient solution for the growing demand for parking and charging infrastructure in cities. Digital systems and intelligent control enable a new form of efficient urban logistics.<\/p><p data-start=\"749\" data-end=\"792\">Future-ready mobility\u2014designed compactly. A new standard for urban parking and charging infrastructure.<\/p>\t\t\t\t\t\t\t\t<\/div>\n\t\t\t\t<\/div>\n\t\t\t\t\t<\/div>\n\t\t\t\t<\/div>\n\t\t<div class=\"elementor-element elementor-element-a917fd6 e-flex e-con-boxed e-con e-parent\" data-id=\"a917fd6\" data-element_type=\"container\" data-e-type=\"container\" data-settings=\"{&quot;background_background&quot;:&quot;classic&quot;,&quot;animation&quot;:&quot;none&quot;}\">\n\t\t\t\t\t<div class=\"e-con-inner\">\n\t\t<div class=\"elementor-element elementor-element-2f9762d e-con-full e-flex e-con e-child\" data-id=\"2f9762d\" data-element_type=\"container\" data-e-type=\"container\">\n\t\t\t\t<div class=\"elementor-element elementor-element-f99cb27 equal-box elementor-position-top elementor-widget elementor-widget-image-box\" data-id=\"f99cb27\" data-element_type=\"widget\" data-e-type=\"widget\" data-settings=\"{&quot;_animation&quot;:&quot;none&quot;}\" data-widget_type=\"image-box.default\">\n\t\t\t\t\t<div class=\"elementor-image-box-wrapper\"><figure class=\"elementor-image-box-img\"><img fetchpriority=\"high\" decoding=\"async\" width=\"1024\" height=\"950\" src=\"https:\/\/eparktower.com\/wp-content\/uploads\/2026\/03\/solarfassade_ept.jpg\" class=\"attachment-full size-full wp-image-2257\" alt=\"\" srcset=\"https:\/\/eparktower.com\/wp-content\/uploads\/2026\/03\/solarfassade_ept.jpg 1024w, https:\/\/eparktower.com\/wp-content\/uploads\/2026\/03\/solarfassade_ept-300x278.jpg 300w, https:\/\/eparktower.com\/wp-content\/uploads\/2026\/03\/solarfassade_ept-768x713.jpg 768w\" sizes=\"(max-width: 1024px) 100vw, 1024px\" \/><\/figure><div class=\"elementor-image-box-content\"><h3 class=\"elementor-image-box-title\">Solar energy<\/h3><p class=\"elementor-image-box-description\">A solar facade and rooftop photovoltaics enable on-site electricity generation. The energy produced supports both the operation of the building and the charging of vehicles on-site.<\/p><\/div><\/div>\t\t\t\t<\/div>\n\t\t\t\t<div class=\"elementor-element elementor-element-81afc8f equal-box elementor-position-top elementor-widget elementor-widget-image-box\" data-id=\"81afc8f\" data-element_type=\"widget\" data-e-type=\"widget\" data-settings=\"{&quot;_animation&quot;:&quot;none&quot;}\" data-widget_type=\"image-box.default\">\n\t\t\t\t\t<div class=\"elementor-image-box-wrapper\"><figure class=\"elementor-image-box-img\"><img decoding=\"async\" width=\"1024\" height=\"950\" src=\"https:\/\/eparktower.com\/wp-content\/uploads\/2026\/03\/fassadenbegruenung_ept.jpg\" class=\"attachment-full size-full wp-image-2640\" alt=\"\" \/><\/figure><div class=\"elementor-image-box-content\"><h3 class=\"elementor-image-box-title\">Green facades<\/h3><p class=\"elementor-image-box-description\">An optional green fa\u00e7ade allows the tower to blend harmoniously with its surroundings. It improves the microclimate and provides a visible contribution to sustainable, livable urban development.<\/p><\/div><\/div>\t\t\t\t<\/div>\n\t\t\t\t<div class=\"elementor-element elementor-element-1dc494e equal-box elementor-position-top elementor-widget elementor-widget-image-box\" data-id=\"1dc494e\" data-element_type=\"widget\" data-e-type=\"widget\" data-settings=\"{&quot;_animation&quot;:&quot;none&quot;}\" data-widget_type=\"image-box.default\">\n\t\t\t\t\t<div class=\"elementor-image-box-wrapper\"><figure class=\"elementor-image-box-img\"><img decoding=\"async\" width=\"1024\" height=\"950\" src=\"https:\/\/eparktower.com\/wp-content\/uploads\/2026\/03\/elektromobilitaet_ept.jpg\" class=\"attachment-full size-full wp-image-2263\" alt=\"elektromobilitaet_ept\" srcset=\"https:\/\/eparktower.com\/wp-content\/uploads\/2026\/03\/elektromobilitaet_ept.jpg 1024w, https:\/\/eparktower.com\/wp-content\/uploads\/2026\/03\/elektromobilitaet_ept-300x278.jpg 300w, https:\/\/eparktower.com\/wp-content\/uploads\/2026\/03\/elektromobilitaet_ept-768x713.jpg 768w\" sizes=\"(max-width: 1024px) 100vw, 1024px\" \/><\/figure><div class=\"elementor-image-box-content\"><h3 class=\"elementor-image-box-title\">Charging infrastructure<\/h3><p class=\"elementor-image-box-description\">Each parking space can optionally be equipped with an integrated wallbox, enabling a fully electrified infrastructure. With a standard charging capacity of 22 kW, vehicles are efficiently charged during the parking period.<\/p><\/div><\/div>\t\t\t\t<\/div>\n\t\t\t\t<\/div>\n\t\t\t\t\t<\/div>\n\t\t\t\t<\/div>\n\t\t<div class=\"elementor-element elementor-element-02a8751 e-flex e-con-boxed e-con e-parent\" data-id=\"02a8751\" data-element_type=\"container\" data-e-type=\"container\" data-settings=\"{&quot;background_background&quot;:&quot;classic&quot;}\">\n\t\t\t\t\t<div class=\"e-con-inner\">\n\t\t<div class=\"elementor-element elementor-element-c78aa20 e-flex e-con-boxed e-con e-child\" data-id=\"c78aa20\" data-element_type=\"container\" data-e-type=\"container\" data-settings=\"{&quot;background_background&quot;:&quot;classic&quot;}\">\n\t\t\t\t\t<div class=\"e-con-inner\">\n\t\t<div class=\"elementor-element elementor-element-7c198ea e-con-full e-flex e-con e-child\" data-id=\"7c198ea\" data-element_type=\"container\" data-e-type=\"container\" data-settings=\"{&quot;background_background&quot;:&quot;classic&quot;}\">\n\t\t<div class=\"elementor-element elementor-element-578be26 e-con-full e-flex e-con e-child\" data-id=\"578be26\" data-element_type=\"container\" data-e-type=\"container\" data-settings=\"{&quot;background_background&quot;:&quot;classic&quot;}\">\n\t\t\t\t<div class=\"elementor-element elementor-element-c49fc21 e-transform elementor-widget elementor-widget-image\" data-id=\"c49fc21\" data-element_type=\"widget\" data-e-type=\"widget\" data-settings=\"{&quot;_transform_scale_effect_hover&quot;:{&quot;unit&quot;:&quot;px&quot;,&quot;size&quot;:1.08,&quot;sizes&quot;:[]},&quot;_transform_scale_effect_hover_tablet&quot;:{&quot;unit&quot;:&quot;px&quot;,&quot;size&quot;:&quot;&quot;,&quot;sizes&quot;:[]},&quot;_transform_scale_effect_hover_mobile&quot;:{&quot;unit&quot;:&quot;px&quot;,&quot;size&quot;:&quot;&quot;,&quot;sizes&quot;:[]}}\" data-widget_type=\"image.default\">\n\t\t\t\t\t\t\t\t\t\t\t\t\t\t\t<img loading=\"lazy\" decoding=\"async\" width=\"400\" height=\"121\" src=\"https:\/\/eparktower.com\/wp-content\/uploads\/2026\/03\/DGNB_Logo-1.png\" class=\"attachment-large size-large wp-image-2024\" alt=\"\" \/>\t\t\t\t\t\t\t\t\t\t\t\t\t\t\t<\/div>\n\t\t\t\t<\/div>\n\t\t<div class=\"elementor-element elementor-element-ba12bd7 e-con-full e-flex e-con e-child\" data-id=\"ba12bd7\" data-element_type=\"container\" data-e-type=\"container\" data-settings=\"{&quot;background_background&quot;:&quot;classic&quot;}\">\n\t\t\t\t<div class=\"elementor-element elementor-element-8e21f3a animated-slow elementor-invisible elementor-widget elementor-widget-heading\" data-id=\"8e21f3a\" data-element_type=\"widget\" data-e-type=\"widget\" data-settings=\"{&quot;_animation&quot;:&quot;fadeInUp&quot;}\" data-widget_type=\"heading.default\">\n\t\t\t\t\t<h2 class=\"elementor-heading-title elementor-size-default\">DGNB Certification<\/h2>\t\t\t\t<\/div>\n\t\t\t\t<div class=\"elementor-element elementor-element-16fab3b elementor-invisible elementor-widget elementor-widget-text-editor\" data-id=\"16fab3b\" data-element_type=\"widget\" data-e-type=\"widget\" data-settings=\"{&quot;_animation&quot;:&quot;fadeInUp&quot;}\" data-widget_type=\"text-editor.default\">\n\t\t\t\t\t\t\t\t\t<p>We are a member of the <span class=\"hover:entity-accent entity-underline inline cursor-pointer align-baseline\"><span class=\"whitespace-normal\">German Sustainable Building Council (DGNB)<\/span><\/span> and we build our EParkTowers to DGNB Gold standards by default. Upon request, we also plan and construct to DGNB Platinum standards. This way, we create sustainable, future-ready parking solutions with measurable ecological, economic, and functional quality.<\/p>\t\t\t\t\t\t\t\t<\/div>\n\t\t\t\t<\/div>\n\t\t\t\t<\/div>\n\t\t\t\t\t<\/div>\n\t\t\t\t<\/div>\n\t\t\t\t\t<\/div>\n\t\t\t\t<\/div>\n\t\t<div class=\"elementor-element elementor-element-326598d e-flex e-con-boxed e-con e-parent\" data-id=\"326598d\" data-element_type=\"container\" data-e-type=\"container\" data-settings=\"{&quot;background_background&quot;:&quot;classic&quot;}\">\n\t\t\t\t\t<div class=\"e-con-inner\">\n\t\t<div class=\"elementor-element elementor-element-33f7310 e-con-full e-flex e-con e-child\" data-id=\"33f7310\" data-element_type=\"container\" data-e-type=\"container\" data-settings=\"{&quot;background_background&quot;:&quot;classic&quot;}\">\n\t\t<div class=\"elementor-element elementor-element-5acc2df e-con-full e-flex e-con e-child\" data-id=\"5acc2df\" data-element_type=\"container\" data-e-type=\"container\">\n\t\t<div class=\"elementor-element elementor-element-9e119ea e-flex e-con-boxed e-con e-child\" data-id=\"9e119ea\" data-element_type=\"container\" data-e-type=\"container\" data-settings=\"{&quot;background_background&quot;:&quot;classic&quot;}\">\n\t\t\t\t\t<div class=\"e-con-inner\">\n\t\t<div class=\"elementor-element elementor-element-49d4aa0 e-flex e-con-boxed e-con e-child\" data-id=\"49d4aa0\" data-element_type=\"container\" data-e-type=\"container\">\n\t\t\t\t\t<div class=\"e-con-inner\">\n\t\t\t\t<div class=\"elementor-element elementor-element-3bc5e37 animated-slow elementor-invisible elementor-widget elementor-widget-heading\" data-id=\"3bc5e37\" data-element_type=\"widget\" data-e-type=\"widget\" data-settings=\"{&quot;_animation&quot;:&quot;fadeInUp&quot;}\" data-widget_type=\"heading.default\">\n\t\t\t\t\t<h2 class=\"elementor-heading-title elementor-size-default\">Interested in a tailored solution?<\/h2>\t\t\t\t<\/div>\n\t\t\t\t\t<\/div>\n\t\t\t\t<\/div>\n\t\t<div class=\"elementor-element elementor-element-58a5b22 e-flex e-con-boxed e-con e-child\" data-id=\"58a5b22\" data-element_type=\"container\" data-e-type=\"container\">\n\t\t\t\t\t<div class=\"e-con-inner\">\n\t\t\t\t<div class=\"elementor-element elementor-element-d1c9345 elementor-invisible elementor-widget elementor-widget-heading\" data-id=\"d1c9345\" data-element_type=\"widget\" data-e-type=\"widget\" data-settings=\"{&quot;_animation&quot;:&quot;fadeInUp&quot;}\" data-widget_type=\"heading.default\">\n\t\t\t\t\t<h3 class=\"elementor-heading-title elementor-size-default\">Feel free to contact us. We\u2019ll introduce you to our EParkTower configurator and work together to develop the perfect configuration for your project.<\/h3>\t\t\t\t<\/div>\n\t\t\t\t<div class=\"elementor-element elementor-element-705336b elementor-align-left elementor-widget-mobile__width-inherit elementor-widget elementor-widget-button\" data-id=\"705336b\" data-element_type=\"widget\" data-e-type=\"widget\" data-widget_type=\"button.default\">\n\t\t\t\t\t\t\t\t\t\t<a class=\"elementor-button elementor-button-link elementor-size-sm\" href=\"https:\/\/eparktower.de\/kontakt\/\">\n\t\t\t\t\t\t<span class=\"elementor-button-content-wrapper\">\n\t\t\t\t\t\t\t\t\t<span class=\"elementor-button-text\">Get in touch<\/span>\n\t\t\t\t\t<\/span>\n\t\t\t\t\t<\/a>\n\t\t\t\t\t\t\t\t<\/div>\n\t\t\t\t\t<\/div>\n\t\t\t\t<\/div>\n\t\t\t\t\t<\/div>\n\t\t\t\t<\/div>\n\t\t\t\t<\/div>\n\t\t\t\t<\/div>\n\t\t\t\t\t<\/div>\n\t\t\t\t<\/div>\n\t\t\t\t<\/div>","protected":false},"excerpt":{"rendered":"<p>Wir haben uns einem Ziel verschrieben: Die Welt nachhaltig gestalten. Nachhaltigkeit als System EParkTower verwandelt urbane Fl\u00e4chen in intelligente Mobilit\u00e4tsinfrastruktur.Durch die vertikale Nutzung des Raums entsteht mehr Kapazit\u00e4t auf deutlich weniger Grundfl\u00e4che. Integrierte Ladeinfrastruktur und nachhaltige Energiekonzepte machen den ParkTower zu einem zentralen Baustein moderner Stadtentwicklung. Weniger Fl\u00e4che. Mehr Kapazit\u00e4t. Die vertikale Verdichtung schafft eine [&hellip;]<\/p>\n","protected":false},"author":1,"featured_media":0,"parent":0,"menu_order":0,"comment_status":"closed","ping_status":"closed","template":"","meta":{"footnotes":""},"class_list":["post-583","page","type-page","status-publish","hentry"],"_links":{"self":[{"href":"https:\/\/eparktower.com\/en\/wp-json\/wp\/v2\/pages\/583","targetHints":{"allow":["GET"]}}],"collection":[{"href":"https:\/\/eparktower.com\/en\/wp-json\/wp\/v2\/pages"}],"about":[{"href":"https:\/\/eparktower.com\/en\/wp-json\/wp\/v2\/types\/page"}],"author":[{"embeddable":true,"href":"https:\/\/eparktower.com\/en\/wp-json\/wp\/v2\/users\/1"}],"replies":[{"embeddable":true,"href":"https:\/\/eparktower.com\/en\/wp-json\/wp\/v2\/comments?post=583"}],"version-history":[{"count":409,"href":"https:\/\/eparktower.com\/en\/wp-json\/wp\/v2\/pages\/583\/revisions"}],"predecessor-version":[{"id":3564,"href":"https:\/\/eparktower.com\/en\/wp-json\/wp\/v2\/pages\/583\/revisions\/3564"}],"wp:attachment":[{"href":"https:\/\/eparktower.com\/en\/wp-json\/wp\/v2\/media?parent=583"}],"curies":[{"name":"wp","href":"https:\/\/api.w.org\/{rel}","templated":true}]}}